{"id":659,"date":"2018-10-09T09:16:29","date_gmt":"2018-10-09T06:16:29","guid":{"rendered":"https:\/\/escargothracien.com\/about\/"},"modified":"2021-04-21T12:23:49","modified_gmt":"2021-04-21T09:23:49","slug":"about","status":"publish","type":"page","link":"https:\/\/escargothracien.com\/fr\/about\/","title":{"rendered":"Qui nous sommes"},"content":{"rendered":"<div data-elementor-type=\"wp-post\" data-elementor-id=\"659\" class=\"elementor elementor-659\">\n\t\t\t\t\t\t<section class=\"elementor-section elementor-top-section elementor-element elementor-element-6952e143 elementor-section-boxed elementor-section-height-default elementor-section-height-default\" data-id=\"6952e143\" data-element_type=\"section\" data-settings=\"{&quot;background_background&quot;:&quot;gradient&quot;}\">\n\t\t\t\t\t\t<div class=\"elementor-container elementor-column-gap-no\">\n\t\t\t\t\t<div class=\"elementor-column elementor-col-100 elementor-top-column elementor-element elementor-element-fc98b27\" data-id=\"fc98b27\" data-element_type=\"column\">\n\t\t\t<div class=\"elementor-widget-wrap elementor-element-populated\">\n\t\t\t\t\t\t<div class=\"elementor-element elementor-element-282d8ac3 elementor-widget elementor-widget-heading\" data-id=\"282d8ac3\" data-element_type=\"widget\" data-widget_type=\"heading.default\">\n\t\t\t\t<div class=\"elementor-widget-container\">\n\t\t\t\t\t<h5 class=\"elementor-heading-title elementor-size-default\">L&#039;entreprise...<\/h5>\t\t\t\t<\/div>\n\t\t\t\t<\/div>\n\t\t\t\t<div class=\"elementor-element elementor-element-956309d elementor-widget elementor-widget-heading\" data-id=\"956309d\" data-element_type=\"widget\" data-widget_type=\"heading.default\">\n\t\t\t\t<div class=\"elementor-widget-container\">\n\t\t\t\t\t<h1 class=\"elementor-heading-title elementor-size-default\">Qui nous sommes<\/h1>\t\t\t\t<\/div>\n\t\t\t\t<\/div>\n\t\t\t\t\t<\/div>\n\t\t<\/div>\n\t\t\t\t\t<\/div>\n\t\t<\/section>\n\t\t\t\t<section class=\"elementor-section elementor-top-section elementor-element elementor-element-35833b72 elementor-section-boxed elementor-section-height-default elementor-section-height-default\" data-id=\"35833b72\" data-element_type=\"section\">\n\t\t\t\t\t\t<div class=\"elementor-container elementor-column-gap-no\">\n\t\t\t\t\t<div class=\"elementor-column elementor-col-33 elementor-top-column elementor-element elementor-element-4e4f91b1\" data-id=\"4e4f91b1\" data-element_type=\"column\">\n\t\t\t<div class=\"elementor-widget-wrap elementor-element-populated\">\n\t\t\t\t\t\t<div class=\"elementor-element elementor-element-5a6386b elementor-widget elementor-widget-heading\" data-id=\"5a6386b\" data-element_type=\"widget\" data-widget_type=\"heading.default\">\n\t\t\t\t<div class=\"elementor-widget-container\">\n\t\t\t\t\t<h5 class=\"elementor-heading-title elementor-size-default\">Escargots Thrace E.E\n<\/h5>\t\t\t\t<\/div>\n\t\t\t\t<\/div>\n\t\t\t\t<div class=\"elementor-element elementor-element-1ffc8b54 elementor-widget elementor-widget-heading\" data-id=\"1ffc8b54\" data-element_type=\"widget\" data-widget_type=\"heading.default\">\n\t\t\t\t<div class=\"elementor-widget-container\">\n\t\t\t\t\t<h2 class=\"elementor-heading-title elementor-size-default\">\u00e0 propos de nous<\/h2>\t\t\t\t<\/div>\n\t\t\t\t<\/div>\n\t\t\t\t<div class=\"elementor-element elementor-element-4a4388c6 elementor-widget-divider--view-line elementor-widget elementor-widget-divider\" data-id=\"4a4388c6\" data-element_type=\"widget\" data-widget_type=\"divider.default\">\n\t\t\t\t<div class=\"elementor-widget-container\">\n\t\t\t\t\t\t\t<div class=\"elementor-divider\">\n\t\t\t<span class=\"elementor-divider-separator\">\n\t\t\t\t\t\t<\/span>\n\t\t<\/div>\n\t\t\t\t\t\t<\/div>\n\t\t\t\t<\/div>\n\t\t\t\t\t<\/div>\n\t\t<\/div>\n\t\t\t\t<div class=\"elementor-column elementor-col-66 elementor-top-column elementor-element elementor-element-3675354a\" data-id=\"3675354a\" data-element_type=\"column\">\n\t\t\t<div class=\"elementor-widget-wrap elementor-element-populated\">\n\t\t\t\t\t\t<div class=\"elementor-element elementor-element-29886a31 elementor-widget elementor-widget-text-editor\" data-id=\"29886a31\" data-element_type=\"widget\" data-widget_type=\"text-editor.default\">\n\t\t\t\t<div class=\"elementor-widget-container\">\n\t\t\t\t\t\t\t\t\t<p>L&#039;entreprise &quot;<strong>Escargots Thrace E.E.<\/strong>. \u00bb a \u00e9t\u00e9 fond\u00e9e en 2009 \u00e0 Alexandroupolis.<br \/>Il poss\u00e8de une ferme d&#039;escargots de type ouvert \u00e0 Feres Evros - une zone de reproduction intensive de 5 acres et une capacit\u00e9 de production qui d\u00e9passe 10 tonnes d&#039;escargots par an. Avec num\u00e9ro d&#039;agr\u00e9ment de reproduction de la r\u00e9gion de l&#039;Est - Thrace de Mak<strong> EL-71-SN-002<\/strong>. De plus, au laboratoire d&#039;Alexandroupolis pour la normalisation, la transformation, la cong\u00e9lation et le conditionnement des escargots, 110 m\u00b2. avec une licence compl\u00e8te par les services comp\u00e9tents de la r\u00e9gion d&#039;East Mac. - Thrace et sp\u00e9cifiquement Licence d&#039;exploitation du Service V\u00e9t\u00e9rinaire et Licence d&#039;exploitation technique du D\u00e9partement D\u00e9veloppement.<\/p>\t\t\t\t\t\t\t\t<\/div>\n\t\t\t\t<\/div>\n\t\t\t\t\t<\/div>\n\t\t<\/div>\n\t\t\t\t\t<\/div>\n\t\t<\/section>\n\t\t\t\t<section class=\"elementor-section elementor-top-section elementor-element elementor-element-3e33ef03 elementor-section-full_width elementor-section-content-middle elementor-section-height-default elementor-section-height-default\" data-id=\"3e33ef03\" data-element_type=\"section\">\n\t\t\t\t\t\t<div class=\"elementor-container elementor-column-gap-no\">\n\t\t\t\t\t<div class=\"elementor-column elementor-col-50 elementor-top-column elementor-element elementor-element-ab40389\" data-id=\"ab40389\" data-element_type=\"column\" data-settings=\"{&quot;background_background&quot;:&quot;classic&quot;}\">\n\t\t\t<div class=\"elementor-widget-wrap elementor-element-populated\">\n\t\t\t\t\t\t<div class=\"elementor-element elementor-element-581b0b06 elementor-widget elementor-widget-image\" data-id=\"581b0b06\" data-element_type=\"widget\" data-widget_type=\"image.default\">\n\t\t\t\t<div class=\"elementor-widget-container\">\n\t\t\t\t\t\t\t\t\t\t\t\t\t\t\t<img decoding=\"async\" src=\"https:\/\/escargothracien.com\/wp-content\/uploads\/elementor\/thumbs\/2017-09-17-07-36-38-scaled-p5uzamxhbvfia074dzd0x32kr9sddhxyw4lev49epk.jpg\" title=\"2017-09-17-07-36-38\" alt=\"2017-09-17-07-36-38\" loading=\"lazy\" \/>\t\t\t\t\t\t\t\t\t\t\t\t\t\t\t<\/div>\n\t\t\t\t<\/div>\n\t\t\t\t\t<\/div>\n\t\t<\/div>\n\t\t\t\t<div class=\"elementor-column elementor-col-50 elementor-top-column elementor-element elementor-element-1d943bbf\" data-id=\"1d943bbf\" data-element_type=\"column\" data-settings=\"{&quot;background_background&quot;:&quot;classic&quot;}\">\n\t\t\t<div class=\"elementor-widget-wrap elementor-element-populated\">\n\t\t\t\t\t\t<div class=\"elementor-element elementor-element-3bf2ba34 elementor-widget elementor-widget-image\" data-id=\"3bf2ba34\" data-element_type=\"widget\" data-widget_type=\"image.default\">\n\t\t\t\t<div class=\"elementor-widget-container\">\n\t\t\t\t\t\t\t\t\t\t\t\t\t\t\t<img decoding=\"async\" src=\"https:\/\/escargothracien.com\/wp-content\/uploads\/elementor\/thumbs\/Helix_pomatia_Dourbes-scaled-p5v30cgziggvt3z6ma1i3ue2tgr1bhre9xexh40blk.jpg\" title=\"SONY DSC\" alt=\"SONY DSC\" loading=\"lazy\" \/>\t\t\t\t\t\t\t\t\t\t\t\t\t\t\t<\/div>\n\t\t\t\t<\/div>\n\t\t\t\t\t<\/div>\n\t\t<\/div>\n\t\t\t\t\t<\/div>\n\t\t<\/section>\n\t\t\t\t<section class=\"elementor-section elementor-top-section elementor-element elementor-element-5dcbfe4a elementor-section-boxed elementor-section-height-default elementor-section-height-default\" data-id=\"5dcbfe4a\" data-element_type=\"section\">\n\t\t\t\t\t\t<div class=\"elementor-container elementor-column-gap-no\">\n\t\t\t\t\t<div class=\"elementor-column elementor-col-100 elementor-top-column elementor-element elementor-element-6058f88d\" data-id=\"6058f88d\" data-element_type=\"column\">\n\t\t\t<div class=\"elementor-widget-wrap elementor-element-populated\">\n\t\t\t\t\t\t<div class=\"elementor-element elementor-element-6eced759 elementor-widget elementor-widget-heading\" data-id=\"6eced759\" data-element_type=\"widget\" data-widget_type=\"heading.default\">\n\t\t\t\t<div class=\"elementor-widget-container\">\n\t\t\t\t\t<h3 class=\"elementor-heading-title elementor-size-default\">Le type de notre production<\/h3>\t\t\t\t<\/div>\n\t\t\t\t<\/div>\n\t\t\t\t<div class=\"elementor-element elementor-element-4eb7229e elementor-widget-divider--view-line elementor-widget elementor-widget-divider\" data-id=\"4eb7229e\" data-element_type=\"widget\" data-widget_type=\"divider.default\">\n\t\t\t\t<div class=\"elementor-widget-container\">\n\t\t\t\t\t\t\t<div class=\"elementor-divider\">\n\t\t\t<span class=\"elementor-divider-separator\">\n\t\t\t\t\t\t<\/span>\n\t\t<\/div>\n\t\t\t\t\t\t<\/div>\n\t\t\t\t<\/div>\n\t\t\t\t<div class=\"elementor-element elementor-element-6a5a43ae elementor-widget elementor-widget-text-editor\" data-id=\"6a5a43ae\" data-element_type=\"widget\" data-widget_type=\"text-editor.default\">\n\t\t\t\t<div class=\"elementor-widget-container\">\n\t\t\t\t\t\t\t\t\tL&#039;esp\u00e8ce d&#039;escargots d&#039;\u00e9levage est Helix Aspersa maxima. Pendant l&#039;\u00e9levage (sa p\u00e9riode s&#039;\u00e9tend d&#039;avril \u00e0 octobre), aucun pesticide, antibiotique et hormone n&#039;est utilis\u00e9, tandis que la nourriture fournie provient d&#039;une entreprise certifi\u00e9e.   \t\t\t\t\t\t\t\t<\/div>\n\t\t\t\t<\/div>\n\t\t\t\t\t<\/div>\n\t\t<\/div>\n\t\t\t\t\t<\/div>\n\t\t<\/section>\n\t\t\t\t<section class=\"elementor-section elementor-top-section elementor-element elementor-element-494ed4d elementor-section-boxed elementor-section-height-default elementor-section-height-default\" data-id=\"494ed4d\" data-element_type=\"section\">\n\t\t\t\t\t\t<div class=\"elementor-container elementor-column-gap-no\">\n\t\t\t\t\t<div class=\"elementor-column elementor-col-100 elementor-top-column elementor-element elementor-element-90353df\" data-id=\"90353df\" data-element_type=\"column\">\n\t\t\t<div class=\"elementor-widget-wrap elementor-element-populated\">\n\t\t\t\t\t\t<div class=\"elementor-element elementor-element-74c76d5 elementor-widget elementor-widget-heading\" data-id=\"74c76d5\" data-element_type=\"widget\" data-widget_type=\"heading.default\">\n\t\t\t\t<div class=\"elementor-widget-container\">\n\t\t\t\t\t<h3 class=\"elementor-heading-title elementor-size-default\">Ligne de production <\/h3>\t\t\t\t<\/div>\n\t\t\t\t<\/div>\n\t\t\t\t<div class=\"elementor-element elementor-element-bcb974b elementor-widget-divider--view-line elementor-widget elementor-widget-divider\" data-id=\"bcb974b\" data-element_type=\"widget\" data-widget_type=\"divider.default\">\n\t\t\t\t<div class=\"elementor-widget-container\">\n\t\t\t\t\t\t\t<div class=\"elementor-divider\">\n\t\t\t<span class=\"elementor-divider-separator\">\n\t\t\t\t\t\t<\/span>\n\t\t<\/div>\n\t\t\t\t\t\t<\/div>\n\t\t\t\t<\/div>\n\t\t\t\t<div class=\"elementor-element elementor-element-4d33d30 elementor-widget elementor-widget-text-editor\" data-id=\"4d33d30\" data-element_type=\"widget\" data-widget_type=\"text-editor.default\">\n\t\t\t\t<div class=\"elementor-widget-container\">\n\t\t\t\t\t\t\t\t\t<p>Ils sont s\u00e9lectionn\u00e9s, nettoy\u00e9s (\u00e0 la fois en chenil et en laboratoire), bouillis avec des herbes, (pendant environ 30 minutes) standardis\u00e9s dans divers emballages et congel\u00e9s dans un cong\u00e9lateur rapide. Les instructions et les recettes sont incluses dans l&#039;emballage.<br \/>Ils sont conserv\u00e9s au cong\u00e9lateur \u00e0 -18 \u00b0 C o\u00f9 ils sont conserv\u00e9s plus d&#039;un an.<br \/>Ils n&#039;ont pas besoin de d\u00e9cong\u00e9lation.<\/p>\t\t\t\t\t\t\t\t<\/div>\n\t\t\t\t<\/div>\n\t\t\t\t\t<\/div>\n\t\t<\/div>\n\t\t\t\t\t<\/div>\n\t\t<\/section>\n\t\t\t\t<section class=\"elementor-section elementor-top-section elementor-element elementor-element-2846ffa elementor-section-boxed elementor-section-height-default elementor-section-height-default\" data-id=\"2846ffa\" data-element_type=\"section\">\n\t\t\t\t\t\t<div class=\"elementor-container elementor-column-gap-no\">\n\t\t\t\t\t<div class=\"elementor-column elementor-col-100 elementor-top-column elementor-element elementor-element-7ce2a3c\" data-id=\"7ce2a3c\" data-element_type=\"column\">\n\t\t\t<div class=\"elementor-widget-wrap elementor-element-populated\">\n\t\t\t\t\t\t<div class=\"elementor-element elementor-element-86c2aba elementor-widget elementor-widget-heading\" data-id=\"86c2aba\" data-element_type=\"widget\" data-widget_type=\"heading.default\">\n\t\t\t\t<div class=\"elementor-widget-container\">\n\t\t\t\t\t<h3 class=\"elementor-heading-title elementor-size-default\">\u0399\u03b4\u03b9\u03cc\u03c4\u03b7\u03c4\u03b5\u03c2 &amp; \u03a0\u03bb\u03b5\u03bf\u03bd\u03b5\u03ba\u03c4\u03ae\u03bc\u03b1\u03c4\u03b1 \u03c4\u03bf\u03c5  \u03c0\u03c1\u03bf\u03ca\u03cc\u03bd\u03c4\u03bf\u03c2 \u03bc\u03b1\u03c2 (\u03ba\/\u03c8)<\/h3>\t\t\t\t<\/div>\n\t\t\t\t<\/div>\n\t\t\t\t<div class=\"elementor-element elementor-element-ce513c6 elementor-widget-divider--view-line elementor-widget elementor-widget-divider\" data-id=\"ce513c6\" data-element_type=\"widget\" data-widget_type=\"divider.default\">\n\t\t\t\t<div class=\"elementor-widget-container\">\n\t\t\t\t\t\t\t<div class=\"elementor-divider\">\n\t\t\t<span class=\"elementor-divider-separator\">\n\t\t\t\t\t\t<\/span>\n\t\t<\/div>\n\t\t\t\t\t\t<\/div>\n\t\t\t\t<\/div>\n\t\t\t\t<div class=\"elementor-element elementor-element-c418ed1 elementor-widget elementor-widget-text-editor\" data-id=\"c418ed1\" data-element_type=\"widget\" data-widget_type=\"text-editor.default\">\n\t\t\t\t<div class=\"elementor-widget-container\">\n\t\t\t\t\t\t\t\t\t<ol><li><strong>Par rapport au vivant<\/strong> les escargots ont beaucoup <strong>Longue vie<\/strong> en tant que produit et <strong>cuit rapidement<\/strong> comme <strong>ils n&#039;ont pas besoin de la pr\u00e9paration des vivants. <\/strong><\/li><li>Aussi en ce qui concerne les escargots vivants, ils ont beaucoup <strong>poids plus lourd<\/strong>, car ils sont trait\u00e9s imm\u00e9diatement apr\u00e8s la collecte par le chenil et ne parviennent pas \u00e0 perdre du poids, tandis que le <strong>escargot vivant<\/strong> jusqu&#039;\u00e0 ce qu&#039;il soit vendu, il perd du poids car il s&#039;auto-maintient ferm\u00e9 dans sa coque avec une membrane, il perd environ 20% en 2-3 mois.<\/li><li>Les escargots en font partie <strong>des aliments plus sains, riches en prot\u00e9ines, oligo-\u00e9l\u00e9ments et vitamines \u00e0 faible teneur en mati\u00e8res grasses et en calories<\/strong><strong>.<\/strong><\/li><li><strong>Leur origine dans une ferme l\u00e9gale les rend s\u00fbrs pour <\/strong><strong>consommation<\/strong>, contrairement aux \u00absauvages\u00bb dont on ne sait pas de quoi ils se nourrissent (par exemple dans les champs de pesticides, les rivi\u00e8res avec des eaux us\u00e9es ou m\u00eame les carcasses d&#039;autres animaux).<\/li><li><strong>Tant que c&#039;est<\/strong> <strong>produit saisonnier<\/strong> avec notre transformation (pr\u00e9-cuisson, cong\u00e9lation, conditionnement) <strong>le consommateur final peut les trouver toute l&#039;ann\u00e9e.<\/strong><\/li><li>Les filets sont pr\u00eats pour toute utilisation culinaire ou recette dans une casserole ou une po\u00eale. <strong>C&#039;est un aliment naturel et tr\u00e8s nutritif, avec des niveaux \u00e9lev\u00e9s de prot\u00e9ines et presque pas de graisses et de sucres<\/strong>. C&#039;est un produit <strong>je\u00fbne <\/strong>qui peut accompagner les p\u00e2tes, entrer dans les soupes, les omelettes, les tartes ou les pizzas, devenir un rago\u00fbt, faire frire dans la farine ou la p\u00e2te et g\u00e9n\u00e9ralement utilis\u00e9 dans toute recette traditionnelle ou non traditionnelle.<\/li><li>C&#039;est un <strong>aliments hautement nutritifs, <u>faible en calories, avec les meilleurs nutriments.<\/u> 100 grammes de viande maigre contiennent 75 calories, 14 g de prot\u00e9ines, 2,7 g de glucides et seulement 1 g de mati\u00e8res grasses. De plus, il a une tr\u00e8s faible teneur en sel, alors qu&#039;il est une riche source de vitamines, d&#039;oligo-\u00e9l\u00e9ments<\/strong> et les m\u00e9taux, en particulier le fer, le potassium et le magn\u00e9sium.\u00a0<\/li><li>Tout d&#039;abord, la viande d&#039;escargot est un d\u00e9lice pour les connaisseurs, mais elle pr\u00e9sente \u00e9galement plusieurs avantages par rapport aux autres viandes. Il a une faible teneur en calories et en graisses, et d&#039;autre part une teneur \u00e9lev\u00e9e en nutriments inorganiques, en acides amin\u00e9s essentiels et en acides gras b\u00e9n\u00e9fiques. La valeur calorique de la viande d&#039;escargot est de 60 \u00e0 90 calories pour 100 grammes de viande pr\u00eate \u00e0 manger, moins que la viande de divers poissons, volailles et mammif\u00e8res.<\/li><\/ol>\t\t\t\t\t\t\t\t<\/div>\n\t\t\t\t<\/div>\n\t\t\t\t\t<\/div>\n\t\t<\/div>\n\t\t\t\t\t<\/div>\n\t\t<\/section>\n\t\t\t\t<section class=\"elementor-section elementor-top-section elementor-element elementor-element-3d38a6e2 elementor-section-content-bottom elementor-section-boxed elementor-section-height-default elementor-section-height-default\" data-id=\"3d38a6e2\" data-element_type=\"section\" data-settings=\"{&quot;background_background&quot;:&quot;classic&quot;}\">\n\t\t\t\t\t\t<div class=\"elementor-container elementor-column-gap-no\">\n\t\t\t\t\t<div class=\"elementor-column elementor-col-25 elementor-top-column elementor-element elementor-element-5ba495e7\" data-id=\"5ba495e7\" data-element_type=\"column\">\n\t\t\t<div class=\"elementor-widget-wrap elementor-element-populated\">\n\t\t\t\t\t\t<div class=\"elementor-element elementor-element-edca53 elementor-widget elementor-widget-counter\" data-id=\"edca53\" data-element_type=\"widget\" data-widget_type=\"counter.default\">\n\t\t\t\t<div class=\"elementor-widget-container\">\n\t\t\t\t\t\t\t<div class=\"elementor-counter\">\n\t\t\t<div class=\"elementor-counter-title\">Vivre <\/div>\t\t\t<div class=\"elementor-counter-number-wrapper\">\n\t\t\t\t<span class=\"elementor-counter-number-prefix\"><\/span>\n\t\t\t\t<span class=\"elementor-counter-number\" data-duration=\"2000\" data-to-value=\"14\" data-from-value=\"0\" data-delimiter=\",\">0<\/span>\n\t\t\t\t<span class=\"elementor-counter-number-suffix\">+<\/span>\n\t\t\t<\/div>\n\t\t<\/div>\n\t\t\t\t\t\t<\/div>\n\t\t\t\t<\/div>\n\t\t\t\t\t<\/div>\n\t\t<\/div>\n\t\t\t\t<div class=\"elementor-column elementor-col-25 elementor-top-column elementor-element elementor-element-474f8d66\" data-id=\"474f8d66\" data-element_type=\"column\">\n\t\t\t<div class=\"elementor-widget-wrap elementor-element-populated\">\n\t\t\t\t\t\t<div class=\"elementor-element elementor-element-148aa3d9 elementor-widget elementor-widget-counter\" data-id=\"148aa3d9\" data-element_type=\"widget\" data-widget_type=\"counter.default\">\n\t\t\t\t<div class=\"elementor-widget-container\">\n\t\t\t\t\t\t\t<div class=\"elementor-counter\">\n\t\t\t<div class=\"elementor-counter-title\">Les clients <\/div>\t\t\t<div class=\"elementor-counter-number-wrapper\">\n\t\t\t\t<span class=\"elementor-counter-number-prefix\"><\/span>\n\t\t\t\t<span class=\"elementor-counter-number\" data-duration=\"2000\" data-to-value=\"500\" data-from-value=\"0\" data-delimiter=\",\">0<\/span>\n\t\t\t\t<span class=\"elementor-counter-number-suffix\">+<\/span>\n\t\t\t<\/div>\n\t\t<\/div>\n\t\t\t\t\t\t<\/div>\n\t\t\t\t<\/div>\n\t\t\t\t\t<\/div>\n\t\t<\/div>\n\t\t\t\t<div class=\"elementor-column elementor-col-25 elementor-top-column elementor-element elementor-element-1aaeeb32\" data-id=\"1aaeeb32\" data-element_type=\"column\">\n\t\t\t<div class=\"elementor-widget-wrap elementor-element-populated\">\n\t\t\t\t\t\t<div class=\"elementor-element elementor-element-28ccdfb0 elementor-widget elementor-widget-counter\" data-id=\"28ccdfb0\" data-element_type=\"widget\" data-widget_type=\"counter.default\">\n\t\t\t\t<div class=\"elementor-widget-container\">\n\t\t\t\t\t\t\t<div class=\"elementor-counter\">\n\t\t\t<div class=\"elementor-counter-title\">Laboratoire<\/div>\t\t\t<div class=\"elementor-counter-number-wrapper\">\n\t\t\t\t<span class=\"elementor-counter-number-prefix\"><\/span>\n\t\t\t\t<span class=\"elementor-counter-number\" data-duration=\"2000\" data-to-value=\"110\" data-from-value=\"0\">0<\/span>\n\t\t\t\t<span class=\"elementor-counter-number-suffix\">m\u00b2<\/span>\n\t\t\t<\/div>\n\t\t<\/div>\n\t\t\t\t\t\t<\/div>\n\t\t\t\t<\/div>\n\t\t\t\t\t<\/div>\n\t\t<\/div>\n\t\t\t\t<div class=\"elementor-column elementor-col-25 elementor-top-column elementor-element elementor-element-4ae7674f\" data-id=\"4ae7674f\" data-element_type=\"column\">\n\t\t\t<div class=\"elementor-widget-wrap elementor-element-populated\">\n\t\t\t\t\t\t<div class=\"elementor-element elementor-element-25b0ffda elementor-widget elementor-widget-counter\" data-id=\"25b0ffda\" data-element_type=\"widget\" data-widget_type=\"counter.default\">\n\t\t\t\t<div class=\"elementor-widget-container\">\n\t\t\t\t\t\t\t<div class=\"elementor-counter\">\n\t\t\t<div class=\"elementor-counter-title\">Pays exportateurs<\/div>\t\t\t<div class=\"elementor-counter-number-wrapper\">\n\t\t\t\t<span class=\"elementor-counter-number-prefix\"><\/span>\n\t\t\t\t<span class=\"elementor-counter-number\" data-duration=\"2000\" data-to-value=\"5\" data-from-value=\"0\" data-delimiter=\",\">0<\/span>\n\t\t\t\t<span class=\"elementor-counter-number-suffix\">+<\/span>\n\t\t\t<\/div>\n\t\t<\/div>\n\t\t\t\t\t\t<\/div>\n\t\t\t\t<\/div>\n\t\t\t\t\t<\/div>\n\t\t<\/div>\n\t\t\t\t\t<\/div>\n\t\t<\/section>\n\t\t\t\t<\/div>","protected":false},"excerpt":{"rendered":"<p>\u0397 \u03b5\u03c4\u03b1\u03b9\u03c1\u03af\u03b1&#8230; \u03a0\u03bf\u03b9\u03bf\u03b9 \u03b5\u03af\u03bc\u03b1\u03c3\u03c4\u03b5 \u03a3\u03b1\u03bb\u03b9\u03b3\u03ba\u03ac\u03c1\u03b9\u03b1 \u0398\u03c1\u03ac\u03ba\u03b7\u03c2 \u0395.\u0395. \u03a3\u03c7\u03b5\u03c4\u03b9\u03ba\u03ac \u03bc\u03b5 \u03bc\u03b1\u03c2 \u0397 \u03b5\u03c4\u03b1\u03b9\u03c1\u03af\u03b1 \u00ab\u03a3\u03b1\u03bb\u03b9\u03b3\u03ba\u03ac\u03c1\u03b9\u03b1 \u0398\u03c1\u03ac\u03ba\u03b7\u03c2 E.\u0395.\u00bb \u03b9\u03b4\u03c1\u03cd\u03b8\u03b7\u03ba\u03b5 \u03c4\u03bf 2009 \u03c3\u03c4\u03b7\u03bd \u0391\u03bb\u03b5\u03be\u03b1\u03bd\u03b4\u03c1\u03bf\u03cd\u03c0\u03bf\u03bb\u03b7.\u0394\u03b9\u03b1\u03b8\u03ad\u03c4\u03b5\u03b9 \u03c3\u03c4\u03b9\u03c2 \u03a6\u03ad\u03c1\u03b5\u03c2 \u0388\u03b2\u03c1\u03bf\u03c5 \u03b5\u03ba\u03c4\u03c1\u03bf\u03c6\u03b5\u03af\u03bf \u03c3\u03b1\u03bb\u03b9\u03b3\u03ba\u03b1\u03c1\u03b9\u03ce\u03bd \u03b1\u03bd\u03bf\u03b9\u03c7\u03c4\u03bf\u03cd \u03c4\u03cd\u03c0\u03bf\u03c5 \u2013 \u03b5\u03bd\u03c4\u03b1\u03c4\u03b9\u03ba\u03ae\u03c2 \u03b5\u03ba\u03c4\u03c1\u03bf\u03c6\u03ae\u03c2 \u03ad\u03ba\u03c4\u03b1\u03c3\u03b7\u03c2 5 \u03c3\u03c4\u03c1\u03b5\u03bc\u03bc\u03ac\u03c4\u03c9\u03bd \u03ba\u03b1\u03b9 \u03c0\u03b1\u03c1\u03b1\u03b3\u03c9\u03b3\u03b9\u03ba\u03ae \u03b4\u03c5\u03bd\u03b1\u03bc\u03b9\u03ba\u03cc\u03c4\u03b7\u03c4\u03b1 \u03c0\u03bf\u03c5 \u03c5\u03c0\u03b5\u03c1\u03b2\u03b1\u03af\u03bd\u03b5\u03b9 \u03c4\u03bf\u03c5\u03c2 10 \u03c4\u03cc\u03bd\u03bf\u03c5\u03c2 \u03c3\u03b1\u03bb\u03b9\u03b3\u03ba\u03ac\u03c1\u03b9\u03b1 \u03b5\u03c4\u03b7\u03c3\u03af\u03c9\u03c2. \u039c\u03b5 \u03b1\u03c1\u03b9\u03b8\u03bc\u03cc \u03ad\u03b3\u03ba\u03c1\u03b9\u03c3\u03b7\u03c2 \u03b5\u03ba\u03c4\u03c1\u03bf\u03c6\u03b5\u03af\u03bf\u03c5 \u03b1\u03c0\u03cc \u03c4\u03b7\u03bd \u03a0\u03b5\u03c1\u03b9\u03c6\u03ad\u03c1\u03b5\u03b9\u03b1 \u0391\u03bd. &#8211; \u03c4\u03b7\u03c2.\u039c\u03b1\u03ba.\u0398\u03c1\u03ac\u03ba\u03b7\u03c2 EL-71-SN-002. \u0395\u03c0\u03b9\u03c0\u03bb\u03ad\u03bf\u03bd, [&hellip;]<\/p>","protected":false},"author":1,"featured_media":0,"parent":0,"menu_order":0,"comment_status":"closed","ping_status":"closed","template":"","meta":{"site-sidebar-layout":"no-sidebar","site-content-layout":"page-builder","ast-site-content-layout":"default","site-content-style":"default","site-sidebar-style":"default","ast-global-header-display":"","ast-banner-title-visibility":"","ast-main-header-display":"","ast-hfb-above-header-display":"","ast-hfb-below-header-display":"","ast-hfb-mobile-header-display":"","site-post-title":"disabled","ast-breadcrumbs-content":"","ast-featured-img":"disabled","footer-sml-layout":"","ast-disable-related-posts":"","theme-transparent-header-meta":"enabled","adv-header-id-meta":"","stick-header-meta":"","header-above-stick-meta":"","header-main-stick-meta":"","header-below-stick-meta":"","astra-migrate-meta-layouts":"default","ast-page-background-enabled":"default","ast-page-background-meta":{"desktop":{"background-color":"","background-image":"","background-repeat":"repeat","background-position":"center center","background-size":"auto","background-attachment":"scroll","background-type":"","background-media":"","overlay-type":"","overlay-color":"","overlay-opacity":"","overlay-gradient":""},"tablet":{"background-color":"","background-image":"","background-repeat":"repeat","background-position":"center center","background-size":"auto","background-attachment":"scroll","background-type":"","background-media":"","overlay-type":"","overlay-color":"","overlay-opacity":"","overlay-gradient":""},"mobile":{"background-color":"","background-image":"","background-repeat":"repeat","background-position":"center center","background-size":"auto","background-attachment":"scroll","background-type":"","background-media":"","overlay-type":"","overlay-color":"","overlay-opacity":"","overlay-gradient":""}},"ast-content-background-meta":{"desktop":{"background-color":"var(--ast-global-color-5)","background-image":"","background-repeat":"repeat","background-position":"center center","background-size":"auto","background-attachment":"scroll","background-type":"","background-media":"","overlay-type":"","overlay-color":"","overlay-opacity":"","overlay-gradient":""},"tablet":{"background-color":"var(--ast-global-color-5)","background-image":"","background-repeat":"repeat","background-position":"center center","background-size":"auto","background-attachment":"scroll","background-type":"","background-media":"","overlay-type":"","overlay-color":"","overlay-opacity":"","overlay-gradient":""},"mobile":{"background-color":"var(--ast-global-color-5)","background-image":"","background-repeat":"repeat","background-position":"center center","background-size":"auto","background-attachment":"scroll","background-type":"","background-media":"","overlay-type":"","overlay-color":"","overlay-opacity":"","overlay-gradient":""}},"footnotes":""},"class_list":["post-659","page","type-page","status-publish","hentry"],"_links":{"self":[{"href":"https:\/\/escargothracien.com\/fr\/wp-json\/wp\/v2\/pages\/659","targetHints":{"allow":["GET"]}}],"collection":[{"href":"https:\/\/escargothracien.com\/fr\/wp-json\/wp\/v2\/pages"}],"about":[{"href":"https:\/\/escargothracien.com\/fr\/wp-json\/wp\/v2\/types\/page"}],"author":[{"embeddable":true,"href":"https:\/\/escargothracien.com\/fr\/wp-json\/wp\/v2\/users\/1"}],"replies":[{"embeddable":true,"href":"https:\/\/escargothracien.com\/fr\/wp-json\/wp\/v2\/comments?post=659"}],"version-history":[{"count":5,"href":"https:\/\/escargothracien.com\/fr\/wp-json\/wp\/v2\/pages\/659\/revisions"}],"predecessor-version":[{"id":896,"href":"https:\/\/escargothracien.com\/fr\/wp-json\/wp\/v2\/pages\/659\/revisions\/896"}],"wp:attachment":[{"href":"https:\/\/escargothracien.com\/fr\/wp-json\/wp\/v2\/media?parent=659"}],"curies":[{"name":"wp","href":"https:\/\/api.w.org\/{rel}","templated":true}]}}